{"id":9,"date":"2018-08-13T21:00:32","date_gmt":"2018-08-13T21:00:32","guid":{"rendered":"http:\/\/cx.local\/?page_id=9"},"modified":"2026-04-23T21:23:06","modified_gmt":"2026-04-23T21:23:06","slug":"welcome","status":"publish","type":"page","link":"https:\/\/nmi.cool\/cx\/","title":{"rendered":"Welcome"},"content":{"rendered":"\n<figure class=\"wp-block-image alignnone size-large wp-image-20\"><img loading=\"lazy\" decoding=\"async\" width=\"1024\" height=\"711\" src=\"https:\/\/nmi.cool\/cx\/wp-content\/uploads\/sites\/18\/2022\/03\/windows-1-1024x711.jpg\" alt=\"\" class=\"wp-image-546\" srcset=\"https:\/\/nmi.cool\/cx\/wp-content\/uploads\/sites\/18\/2022\/03\/windows-1-1024x711.jpg 1024w, https:\/\/nmi.cool\/cx\/wp-content\/uploads\/sites\/18\/2022\/03\/windows-1-300x208.jpg 300w, https:\/\/nmi.cool\/cx\/wp-content\/uploads\/sites\/18\/2022\/03\/windows-1-768x533.jpg 768w, https:\/\/nmi.cool\/cx\/wp-content\/uploads\/sites\/18\/2022\/03\/windows-1-1536x1067.jpg 1536w, https:\/\/nmi.cool\/cx\/wp-content\/uploads\/sites\/18\/2022\/03\/windows-1-2048x1422.jpg 2048w\" sizes=\"auto, (max-width: 1024px) 100vw, 1024px\" \/><figcaption class=\"wp-element-caption\">Based on photo by <a href=\"https:\/\/unsplash.com\/@meric?utm_source=unsplash&amp;utm_medium=referral&amp;utm_content=creditCopyText\" target=\"_blank\" rel=\"noreferrer noopener\">Meri\u00e7 Da\u011fl\u0131<\/a><\/figcaption><\/figure>\n\n\n\n<p>This site is the companion text for JRMC 7010E: Digital Customer Experience Design, a class taught in the&nbsp;<a href=\"http:\/\/grady.uga.edu\/\">Grady College of Journalism and Mass Communication<\/a>&nbsp;at the&nbsp;<a href=\"http:\/\/uga.edu\/\">University of Georgia<\/a>.<\/p>\n\n\n\n<p>Your first step? Go check out the <a href=\"https:\/\/nmi.cool\/cx\/syllabus\/\" target=\"_blank\" rel=\"noreferrer noopener\">syllabus<\/a>.<\/p>\n","protected":false},"excerpt":{"rendered":"<p>This site is the companion text for JRMC 7010E: Digital Customer Experience Design, a class taught in the&nbsp;Grady College of Journalism and Mass Communication&nbsp;at the&nbsp;University of Georgia. Your first step? Go check out the syllabus.<\/p>\n","protected":false},"author":1,"featured_media":0,"parent":0,"menu_order":0,"comment_status":"closed","ping_status":"closed","template":"","meta":{"footnotes":""},"class_list":["post-9","page","type-page","status-publish","hentry"],"_links":{"self":[{"href":"https:\/\/nmi.cool\/cx\/wp-json\/wp\/v2\/pages\/9","targetHints":{"allow":["GET"]}}],"collection":[{"href":"https:\/\/nmi.cool\/cx\/wp-json\/wp\/v2\/pages"}],"about":[{"href":"https:\/\/nmi.cool\/cx\/wp-json\/wp\/v2\/types\/page"}],"author":[{"embeddable":true,"href":"https:\/\/nmi.cool\/cx\/wp-json\/wp\/v2\/users\/1"}],"replies":[{"embeddable":true,"href":"https:\/\/nmi.cool\/cx\/wp-json\/wp\/v2\/comments?post=9"}],"version-history":[{"count":5,"href":"https:\/\/nmi.cool\/cx\/wp-json\/wp\/v2\/pages\/9\/revisions"}],"predecessor-version":[{"id":880,"href":"https:\/\/nmi.cool\/cx\/wp-json\/wp\/v2\/pages\/9\/revisions\/880"}],"wp:attachment":[{"href":"https:\/\/nmi.cool\/cx\/wp-json\/wp\/v2\/media?parent=9"}],"curies":[{"name":"wp","href":"https:\/\/api.w.org\/{rel}","templated":true}]}}